{"id":7988,"date":"2022-05-26T13:33:37","date_gmt":"2022-05-26T13:33:37","guid":{"rendered":"https:\/\/cronorea.arkys.it\/?page_id=7988"},"modified":"2023-05-11T10:39:19","modified_gmt":"2023-05-11T10:39:19","slug":"nido","status":"publish","type":"page","link":"https:\/\/cronorea.it\/en\/iconica\/nido\/","title":{"rendered":"Nido"},"content":{"rendered":"<div data-elementor-type=\"wp-page\" data-elementor-id=\"7988\" class=\"elementor elementor-7988\">\n\t\t\t\t\t\t<section class=\"elementor-section elementor-top-section elementor-element elementor-element-ffcdf09 elementor-section-stretched elementor-section-full_width elementor-section-height-default elementor-section-height-default qodef-elementor-content-no\" data-id=\"ffcdf09\" data-element_type=\"section\" data-settings=\"{&quot;stretch_section&quot;:&quot;section-stretched&quot;,&quot;background_background&quot;:&quot;classic&quot;}\">\n\t\t\t\t\t\t<div class=\"elementor-container elementor-column-gap-no\">\n\t\t\t\t\t<div class=\"elementor-column elementor-col-100 elementor-top-column elementor-element elementor-element-eef43ff\" data-id=\"eef43ff\" data-element_type=\"column\">\n\t\t\t<div class=\"elementor-widget-wrap elementor-element-populated\">\n\t\t\t\t\t\t<div class=\"elementor-element elementor-element-befb523 elementor-hidden-mobile elementor-widget elementor-widget-image\" data-id=\"befb523\" data-element_type=\"widget\" data-widget_type=\"image.default\">\n\t\t\t\t<div class=\"elementor-widget-container\">\n\t\t\t\t\t\t\t\t\t\t\t\t\t\t\t<img decoding=\"async\" src=\"\/wp-content\/uploads\/2023\/02\/nido-page-img-desktop.webp\" title=\"\" alt=\"\" loading=\"lazy\" \/>\t\t\t\t\t\t\t\t\t\t\t\t\t\t\t<\/div>\n\t\t\t\t<\/div>\n\t\t\t\t<div class=\"elementor-element elementor-element-d107216 elementor-hidden-desktop elementor-hidden-tablet elementor-widget elementor-widget-image\" data-id=\"d107216\" data-element_type=\"widget\" data-widget_type=\"image.default\">\n\t\t\t\t<div class=\"elementor-widget-container\">\n\t\t\t\t\t\t\t\t\t\t\t\t\t\t\t<img fetchpriority=\"high\" decoding=\"async\" width=\"768\" height=\"1024\" src=\"https:\/\/cronorea.it\/wp-content\/uploads\/2023\/02\/nido-page-img-mobile2.webp\" class=\"attachment-full size-full wp-image-8725\" alt=\"\" srcset=\"https:\/\/cronorea.it\/wp-content\/uploads\/2023\/02\/nido-page-img-mobile2.webp 768w, https:\/\/cronorea.it\/wp-content\/uploads\/2023\/02\/nido-page-img-mobile2-225x300.webp 225w\" sizes=\"(max-width: 768px) 100vw, 768px\" \/>\t\t\t\t\t\t\t\t\t\t\t\t\t\t\t<\/div>\n\t\t\t\t<\/div>\n\t\t\t\t\t<\/div>\n\t\t<\/div>\n\t\t\t\t\t<\/div>\n\t\t<\/section>\n\t\t\t\t<section class=\"elementor-section elementor-top-section elementor-element elementor-element-d492cd5 elementor-section-boxed elementor-section-height-default elementor-section-height-default qodef-elementor-content-no\" data-id=\"d492cd5\" data-element_type=\"section\">\n\t\t\t\t\t\t<div class=\"elementor-container elementor-column-gap-default\">\n\t\t\t\t\t<div class=\"elementor-column elementor-col-50 elementor-top-column elementor-element elementor-element-70a436d\" data-id=\"70a436d\" data-element_type=\"column\">\n\t\t\t<div class=\"elementor-widget-wrap elementor-element-populated\">\n\t\t\t\t\t\t<div class=\"elementor-element elementor-element-51a808c elementor-widget elementor-widget-text-editor\" data-id=\"51a808c\" data-element_type=\"widget\" data-widget_type=\"text-editor.default\">\n\t\t\t\t<div class=\"elementor-widget-container\">\n\t\t\t\t\t\t\t\t\t<p>The thread, and in particular the woven thread, it is an element that constantly uses, suspended between myth and poetry in the lyrics and in the legends related to the marriage.<\/p><p>It is a symbol that combines the concept of the bond between two people with the idea that the two lovers need each other to protect themselves and protect their union.<\/p><p>The <strong>Wedding Ring NIDO<\/strong> celebrates the delicacy and simplicity of the profound union between spouses that, with love and dedication, they begin a journey of life towards the creation of a solid bond: a safe haven where you can take refuge in adversity, and a nest in which to find oneself.<\/p>\t\t\t\t\t\t\t\t<\/div>\n\t\t\t\t<\/div>\n\t\t\t\t\t<\/div>\n\t\t<\/div>\n\t\t\t\t<div class=\"elementor-column elementor-col-50 elementor-top-column elementor-element elementor-element-9668709 elementor-hidden-mobile\" data-id=\"9668709\" data-element_type=\"column\">\n\t\t\t<div class=\"elementor-widget-wrap elementor-element-populated\">\n\t\t\t\t\t\t<div class=\"elementor-element elementor-element-e7908aa elementor-widget elementor-widget-image\" data-id=\"e7908aa\" data-element_type=\"widget\" data-widget_type=\"image.default\">\n\t\t\t\t<div class=\"elementor-widget-container\">\n\t\t\t\t\t\t\t\t\t\t\t\t\t\t\t<img decoding=\"async\" width=\"240\" height=\"240\" src=\"https:\/\/cronorea.it\/wp-content\/uploads\/2023\/02\/nido-archetipi.webp\" class=\"attachment-full size-full wp-image-8721\" alt=\"\" srcset=\"https:\/\/cronorea.it\/wp-content\/uploads\/2023\/02\/nido-archetipi.webp 240w, https:\/\/cronorea.it\/wp-content\/uploads\/2023\/02\/nido-archetipi-150x150.webp 150w\" sizes=\"(max-width: 240px) 100vw, 240px\" \/>\t\t\t\t\t\t\t\t\t\t\t\t\t\t\t<\/div>\n\t\t\t\t<\/div>\n\t\t\t\t\t<\/div>\n\t\t<\/div>\n\t\t\t\t\t<\/div>\n\t\t<\/section>\n\t\t\t\t<section class=\"elementor-section elementor-top-section elementor-element elementor-element-8634c34 elementor-section-stretched elementor-section-boxed elementor-section-height-default elementor-section-height-default qodef-elementor-content-no\" data-id=\"8634c34\" data-element_type=\"section\" data-settings=\"{&quot;stretch_section&quot;:&quot;section-stretched&quot;,&quot;background_background&quot;:&quot;classic&quot;}\">\n\t\t\t\t\t\t<div class=\"elementor-container elementor-column-gap-default\">\n\t\t\t\t\t<div class=\"elementor-column elementor-col-100 elementor-top-column elementor-element elementor-element-fb1532f\" data-id=\"fb1532f\" data-element_type=\"column\">\n\t\t\t<div class=\"elementor-widget-wrap elementor-element-populated\">\n\t\t\t\t\t\t<div class=\"elementor-element elementor-element-9b9ed49 elementor-widget elementor-widget-video\" data-id=\"9b9ed49\" data-element_type=\"widget\" data-settings=\"{&quot;youtube_url&quot;:&quot;https:\\\/\\\/www.youtube.com\\\/watch?v=qLoUntBnXJ4&quot;,&quot;video_type&quot;:&quot;youtube&quot;,&quot;controls&quot;:&quot;yes&quot;}\" data-widget_type=\"video.default\">\n\t\t\t\t<div class=\"elementor-widget-container\">\n\t\t\t\t\t\t\t<div class=\"elementor-wrapper elementor-open-inline\">\n\t\t\t<div class=\"elementor-video\"><\/div>\t\t<\/div>\n\t\t\t\t\t\t<\/div>\n\t\t\t\t<\/div>\n\t\t\t\t\t<\/div>\n\t\t<\/div>\n\t\t\t\t\t<\/div>\n\t\t<\/section>\n\t\t\t\t<section class=\"elementor-section elementor-top-section elementor-element elementor-element-3801a27 elementor-section-stretched elementor-section-boxed elementor-section-height-default elementor-section-height-default qodef-elementor-content-no\" data-id=\"3801a27\" data-element_type=\"section\" data-settings=\"{&quot;stretch_section&quot;:&quot;section-stretched&quot;}\">\n\t\t\t\t\t\t<div class=\"elementor-container elementor-column-gap-default\">\n\t\t\t\t\t<div class=\"elementor-column elementor-col-100 elementor-top-column elementor-element elementor-element-dd1da3f\" data-id=\"dd1da3f\" data-element_type=\"column\">\n\t\t\t<div class=\"elementor-widget-wrap elementor-element-populated\">\n\t\t\t\t\t\t<div class=\"elementor-element elementor-element-68cba6f elementor-widget elementor-widget-eona_core_section_title\" data-id=\"68cba6f\" data-element_type=\"widget\" data-widget_type=\"eona_core_section_title.default\">\n\t\t\t\t<div class=\"elementor-widget-container\">\n\t\t\t\t\t<div class=\"qodef-shortcode qodef-m  qodef-section-title qodef-alignment--center    qodef-separator-animation\">\n    \t<h2 class=\"qodef-m-title\"  >\n                    Wedding ring Nido            <\/h2>\n    \t<span class=\"qodef-m-subtitle\" style=\"padding-left: 0px\">\n        Fill in the form and get in touch with us\t<\/span>\n    \t<div class=\"qodef-m-separator\" ><\/div>\n\t    <\/div>\t\t\t\t<\/div>\n\t\t\t\t<\/div>\n\t\t\t\t<section class=\"elementor-section elementor-inner-section elementor-element elementor-element-88ea9e7 elementor-reverse-mobile elementor-section-boxed elementor-section-height-default elementor-section-height-default qodef-elementor-content-no\" data-id=\"88ea9e7\" data-element_type=\"section\">\n\t\t\t\t\t\t<div class=\"elementor-container elementor-column-gap-default\">\n\t\t\t\t\t<div class=\"elementor-column elementor-col-50 elementor-inner-column elementor-element elementor-element-9d803a6\" data-id=\"9d803a6\" data-element_type=\"column\">\n\t\t\t<div class=\"elementor-widget-wrap elementor-element-populated\">\n\t\t\t\t\t\t<div class=\"elementor-element elementor-element-d6cab0f elementor-widget elementor-widget-image\" data-id=\"d6cab0f\" data-element_type=\"widget\" data-widget_type=\"image.default\">\n\t\t\t\t<div class=\"elementor-widget-container\">\n\t\t\t\t\t\t\t\t\t\t\t\t\t\t\t<img decoding=\"async\" width=\"302\" height=\"302\" src=\"https:\/\/cronorea.it\/wp-content\/uploads\/2023\/05\/nido-flat.webp\" class=\"attachment-full size-full wp-image-9030\" alt=\"\" srcset=\"https:\/\/cronorea.it\/wp-content\/uploads\/2023\/05\/nido-flat.webp 302w, https:\/\/cronorea.it\/wp-content\/uploads\/2023\/05\/nido-flat-300x300.webp 300w, https:\/\/cronorea.it\/wp-content\/uploads\/2023\/05\/nido-flat-150x150.webp 150w\" sizes=\"(max-width: 302px) 100vw, 302px\" \/>\t\t\t\t\t\t\t\t\t\t\t\t\t\t\t<\/div>\n\t\t\t\t<\/div>\n\t\t\t\t<div class=\"elementor-element elementor-element-53908b2 elementor-widget elementor-widget-text-editor\" data-id=\"53908b2\" data-element_type=\"widget\" data-widget_type=\"text-editor.default\">\n\t\t\t\t<div class=\"elementor-widget-container\">\n\t\t\t\t\t\t\t\t\t<p>in 18-carat Yellow Gold<\/p><p><strong>Custom engraved<\/strong><\/p>\t\t\t\t\t\t\t\t<\/div>\n\t\t\t\t<\/div>\n\t\t\t\t\t<\/div>\n\t\t<\/div>\n\t\t\t\t<div class=\"elementor-column elementor-col-50 elementor-inner-column elementor-element elementor-element-fd207f2\" data-id=\"fd207f2\" data-element_type=\"column\">\n\t\t\t<div class=\"elementor-widget-wrap elementor-element-populated\">\n\t\t\t\t\t\t<div class=\"elementor-element elementor-element-fdd5425 elementor-widget elementor-widget-qi_addons_for_elementor_contact_form_7\" data-id=\"fdd5425\" data-element_type=\"widget\" data-widget_type=\"qi_addons_for_elementor_contact_form_7.default\">\n\t\t\t\t<div class=\"elementor-widget-container\">\n\t\t\t\t\t<div class=\"qodef-shortcode qodef-m qodef-qi-contact-form-7\">\n\t\n<div class=\"wpcf7 no-js\" id=\"wpcf7-f8-o1\" lang=\"it-IT\" dir=\"ltr\" data-wpcf7-id=\"8\">\n<div class=\"screen-reader-response\"><p role=\"status\" aria-live=\"polite\" aria-atomic=\"true\"><\/p> <ul><\/ul><\/div>\n<form action=\"\/en\/wp-json\/wp\/v2\/pages\/7988#wpcf7-f8-o1\" method=\"post\" class=\"wpcf7-form init\" aria-label=\"Modulo di contatto\" novalidate=\"novalidate\" data-status=\"init\" data-trp-original-action=\"\/en\/wp-json\/wp\/v2\/pages\/7988#wpcf7-f8-o1\">\n<fieldset class=\"hidden-fields-container\"><input type=\"hidden\" name=\"_wpcf7\" value=\"8\" \/><input type=\"hidden\" name=\"_wpcf7_version\" value=\"6.1.3\" \/><input type=\"hidden\" name=\"_wpcf7_locale\" value=\"it_IT\" \/><input type=\"hidden\" name=\"_wpcf7_unit_tag\" value=\"wpcf7-f8-o1\" \/><input type=\"hidden\" name=\"_wpcf7_container_post\" value=\"0\" \/><input type=\"hidden\" name=\"_wpcf7_posted_data_hash\" value=\"\" \/>\n<\/fieldset>\n<p class=\"vc_col-sm-6\"><span class=\"wpcf7-form-control-wrap\" data-name=\"your-name\"><input size=\"40\" maxlength=\"400\" class=\"wpcf7-form-control wpcf7-text wpcf7-validates-as-required\" aria-required=\"true\" aria-invalid=\"false\" placeholder=\"Name*\" value=\"\" type=\"text\" name=\"your-name\" \/><\/span><\/p>\n\n<p class=\"vc_col-sm-6\"><span class=\"wpcf7-form-control-wrap\" data-name=\"your-surname\"><input size=\"40\" maxlength=\"400\" class=\"wpcf7-form-control wpcf7-text wpcf7-validates-as-required\" aria-required=\"true\" aria-invalid=\"false\" placeholder=\"Last name*\" value=\"\" type=\"text\" name=\"your-surname\" \/><\/span><\/p>\n\n<p class=\"vc_col-sm-6\"><span class=\"wpcf7-form-control-wrap\" data-name=\"your-phone\"><input size=\"40\" maxlength=\"400\" class=\"wpcf7-form-control wpcf7-text wpcf7-validates-as-required\" aria-required=\"true\" aria-invalid=\"false\" placeholder=\"Mobile phone*\" value=\"\" type=\"text\" name=\"your-phone\" \/><\/span><\/p>\n\n<p class=\"vc_col-sm-6\"><span class=\"wpcf7-form-control-wrap\" data-name=\"your-email\"><input size=\"40\" maxlength=\"400\" class=\"wpcf7-form-control wpcf7-email wpcf7-validates-as-required wpcf7-text wpcf7-validates-as-email\" aria-required=\"true\" aria-invalid=\"false\" placeholder=\"Email*\" value=\"\" type=\"email\" name=\"your-email\" \/><\/span><\/p>\n\n<p class=\"vc_col-sm-12\"><span class=\"wpcf7-form-control-wrap\" data-name=\"your-message\"><textarea cols=\"40\" rows=\"10\" maxlength=\"2000\" class=\"wpcf7-form-control wpcf7-textarea\" aria-invalid=\"false\" placeholder=\"Message\" name=\"your-message\"><\/textarea><\/span><\/p>\n\n<p class=\"vc_col-sm-12\"><span class=\"wpcf7-form-control-wrap\" data-name=\"acceptance-162\"><span class=\"wpcf7-form-control wpcf7-acceptance\"><span class=\"wpcf7-list-item\"><label><input type=\"checkbox\" name=\"acceptance-162\" value=\"1\" aria-invalid=\"false\" \/><span class=\"wpcf7-list-item-label\">Using this form you agree with the storage and handling of your data by this website. <a href=\"#\" target=\"_blank\">Privacy Policy<\/a><\/span><\/label><\/span><\/span><\/span><\/p> \n\n<button class=\"wpcf7-form-control wpcf7-submit qodef-button qodef-size--large qodef-type--filled qodef-m\" type=\"submit\"><span class=\"qodef-m-text\">Request information<\/span><\/button><div class=\"wpcf7-response-output\" aria-hidden=\"true\"><\/div>\n<input type=\"hidden\" name=\"trp-form-language\" value=\"en\"\/><\/form>\n<\/div>\n<\/div>\n\t\t\t\t<\/div>\n\t\t\t\t<\/div>\n\t\t\t\t\t<\/div>\n\t\t<\/div>\n\t\t\t\t\t<\/div>\n\t\t<\/section>\n\t\t\t\t\t<\/div>\n\t\t<\/div>\n\t\t\t\t\t<\/div>\n\t\t<\/section>\n\t\t\t\t<section class=\"elementor-section elementor-top-section elementor-element elementor-element-9332f25 elementor-section-stretched elementor-section-boxed elementor-section-height-default elementor-section-height-default qodef-elementor-content-no\" data-id=\"9332f25\" data-element_type=\"section\" data-settings=\"{&quot;stretch_section&quot;:&quot;section-stretched&quot;,&quot;background_background&quot;:&quot;classic&quot;}\">\n\t\t\t\t\t\t<div class=\"elementor-container elementor-column-gap-default\">\n\t\t\t\t\t<div class=\"elementor-column elementor-col-100 elementor-top-column elementor-element elementor-element-02698ea\" data-id=\"02698ea\" data-element_type=\"column\">\n\t\t\t<div class=\"elementor-widget-wrap elementor-element-populated\">\n\t\t\t\t\t\t<div class=\"elementor-element elementor-element-4b1817b elementor-widget elementor-widget-eona_core_section_title\" data-id=\"4b1817b\" data-element_type=\"widget\" data-widget_type=\"eona_core_section_title.default\">\n\t\t\t\t<div class=\"elementor-widget-container\">\n\t\t\t\t\t<div class=\"qodef-shortcode qodef-m  qodef-section-title qodef-alignment--center\">\n    \t<h2 class=\"qodef-m-title\"  >\n                    Don't know your size?            <\/h2>\n    \t<span class=\"qodef-m-subtitle\" >\n        It will be simple to discover it.\t<\/span>\n    \t    <\/div>\t\t\t\t<\/div>\n\t\t\t\t<\/div>\n\t\t\t\t<div class=\"elementor-element elementor-element-db6867d elementor-widget__width-auto aligncenter elementor-widget elementor-widget-eona_core_button\" data-id=\"db6867d\" data-element_type=\"widget\" data-widget_type=\"eona_core_button.default\">\n\t\t\t\t<div class=\"elementor-widget-container\">\n\t\t\t\t\t<a class=\"qodef-shortcode qodef-m  qodef-button qodef-layout--outlined  qodef-html--link\" href=\"\/en\/misura-fedi-nuziali\/\" target=\"_blank\"  >\n\t<span class=\"qodef-m-text\">Discover your size<\/span>\n<\/a>\t\t\t\t<\/div>\n\t\t\t\t<\/div>\n\t\t\t\t\t<\/div>\n\t\t<\/div>\n\t\t\t\t\t<\/div>\n\t\t<\/section>\n\t\t\t\t<\/div>","protected":false},"excerpt":{"rendered":"<p>Il filo, ed in particolare il filo intrecciato, \u00e8 un elemento che continuamente ricorre, sospeso tra mito e poesia, nei testi e nelle leggende legate al matrimonio. \u00c8 un simbolo che coniuga in s\u00e9 il concetto del vincolo tra due persone con l\u2019idea che i due amanti debbano reciprocamente proteggersi e insieme proteggere la propria [&hellip;]<\/p>","protected":false},"author":7,"featured_media":0,"parent":5812,"menu_order":0,"comment_status":"closed","ping_status":"closed","template":"","meta":{"footnotes":""},"class_list":["post-7988","page","type-page","status-publish","hentry"],"yoast_head":"<!-- This site is optimized with the Yoast SEO plugin v26.3 - https:\/\/yoast.com\/wordpress\/plugins\/seo\/ -->\n<title>Nido | Cronorea<\/title>\n<meta name=\"robots\" content=\"index, follow, max-snippet:-1, max-image-preview:large, max-video-preview:-1\" \/>\n<link rel=\"canonical\" href=\"https:\/\/cronorea.it\/en\/iconica\/nido\/\" \/>\n<meta property=\"og:locale\" content=\"en_US\" \/>\n<meta property=\"og:type\" content=\"article\" \/>\n<meta property=\"og:title\" content=\"Nido | Cronorea\" \/>\n<meta property=\"og:description\" content=\"Il filo, ed in particolare il filo intrecciato, \u00e8 un elemento che continuamente ricorre, sospeso tra mito e poesia, nei testi e nelle leggende legate al matrimonio. \u00c8 un simbolo che coniuga in s\u00e9 il concetto del vincolo tra due persone con l\u2019idea che i due amanti debbano reciprocamente proteggersi e insieme proteggere la propria [&hellip;]\" \/>\n<meta property=\"og:url\" content=\"https:\/\/cronorea.it\/en\/iconica\/nido\/\" \/>\n<meta property=\"og:site_name\" content=\"Cronorea\" \/>\n<meta property=\"article:publisher\" content=\"https:\/\/www.facebook.com\/cronoreagioielli\/\" \/>\n<meta property=\"article:modified_time\" content=\"2023-05-11T10:39:19+00:00\" \/>\n<meta property=\"og:image\" content=\"https:\/\/cronorea.arkys.agency\/wp-content\/uploads\/2023\/02\/nido-page-img-mobile2.webp\" \/>\n<meta name=\"twitter:card\" content=\"summary_large_image\" \/>\n<meta name=\"twitter:label1\" content=\"Est. reading time\" \/>\n\t<meta name=\"twitter:data1\" content=\"2 minutes\" \/>\n<script type=\"application\/ld+json\" class=\"yoast-schema-graph\">{\"@context\":\"https:\/\/schema.org\",\"@graph\":[{\"@type\":\"WebPage\",\"@id\":\"https:\/\/cronorea.it\/iconica\/nido\/\",\"url\":\"https:\/\/cronorea.it\/iconica\/nido\/\",\"name\":\"Nido | Cronorea\",\"isPartOf\":{\"@id\":\"https:\/\/cronorea.it\/#website\"},\"primaryImageOfPage\":{\"@id\":\"https:\/\/cronorea.it\/iconica\/nido\/#primaryimage\"},\"image\":{\"@id\":\"https:\/\/cronorea.it\/iconica\/nido\/#primaryimage\"},\"thumbnailUrl\":\"https:\/\/cronorea.arkys.agency\/wp-content\/uploads\/2023\/02\/nido-page-img-mobile2.webp\",\"datePublished\":\"2022-05-26T13:33:37+00:00\",\"dateModified\":\"2023-05-11T10:39:19+00:00\",\"breadcrumb\":{\"@id\":\"https:\/\/cronorea.it\/iconica\/nido\/#breadcrumb\"},\"inLanguage\":\"en-US\",\"potentialAction\":[{\"@type\":\"ReadAction\",\"target\":[\"https:\/\/cronorea.it\/iconica\/nido\/\"]}]},{\"@type\":\"ImageObject\",\"inLanguage\":\"en-US\",\"@id\":\"https:\/\/cronorea.it\/iconica\/nido\/#primaryimage\",\"url\":\"https:\/\/cronorea.arkys.agency\/wp-content\/uploads\/2023\/02\/nido-page-img-mobile2.webp\",\"contentUrl\":\"https:\/\/cronorea.arkys.agency\/wp-content\/uploads\/2023\/02\/nido-page-img-mobile2.webp\"},{\"@type\":\"BreadcrumbList\",\"@id\":\"https:\/\/cronorea.it\/iconica\/nido\/#breadcrumb\",\"itemListElement\":[{\"@type\":\"ListItem\",\"position\":1,\"name\":\"Home\",\"item\":\"https:\/\/cronorea.it\/\"},{\"@type\":\"ListItem\",\"position\":2,\"name\":\"Iconica\",\"item\":\"https:\/\/cronorea.it\/iconica\/\"},{\"@type\":\"ListItem\",\"position\":3,\"name\":\"Nido\"}]},{\"@type\":\"WebSite\",\"@id\":\"https:\/\/cronorea.it\/#website\",\"url\":\"https:\/\/cronorea.it\/\",\"name\":\"Cronorea\",\"description\":\"Ci\u00f2 che scorre non \u00e8 il tempo ma l\u2019emozione, racchiusa nei momenti e catturata dagli oggetti.\",\"publisher\":{\"@id\":\"https:\/\/cronorea.it\/#organization\"},\"potentialAction\":[{\"@type\":\"SearchAction\",\"target\":{\"@type\":\"EntryPoint\",\"urlTemplate\":\"https:\/\/cronorea.it\/?s={search_term_string}\"},\"query-input\":{\"@type\":\"PropertyValueSpecification\",\"valueRequired\":true,\"valueName\":\"search_term_string\"}}],\"inLanguage\":\"en-US\"},{\"@type\":\"Organization\",\"@id\":\"https:\/\/cronorea.it\/#organization\",\"name\":\"Cronorea\",\"alternateName\":\"Cronorea\",\"url\":\"https:\/\/cronorea.it\/\",\"logo\":{\"@type\":\"ImageObject\",\"inLanguage\":\"en-US\",\"@id\":\"https:\/\/cronorea.it\/#\/schema\/logo\/image\/\",\"url\":\"https:\/\/cronorea.arkys.it\/wp-content\/uploads\/2022\/01\/Logo-cronorea-ok.png\",\"contentUrl\":\"https:\/\/cronorea.arkys.it\/wp-content\/uploads\/2022\/01\/Logo-cronorea-ok.png\",\"width\":290,\"height\":64,\"caption\":\"Cronorea\"},\"image\":{\"@id\":\"https:\/\/cronorea.it\/#\/schema\/logo\/image\/\"},\"sameAs\":[\"https:\/\/www.facebook.com\/cronoreagioielli\/\",\"https:\/\/www.instagram.com\/cronorea_gioielli\/\"]}]}<\/script>\n<!-- \/ Yoast SEO plugin. -->","yoast_head_json":{"title":"Nest | Cronorea","robots":{"index":"index","follow":"follow","max-snippet":"max-snippet:-1","max-image-preview":"max-image-preview:large","max-video-preview":"max-video-preview:-1"},"canonical":"https:\/\/cronorea.it\/en\/iconica\/nido\/","og_locale":"en_US","og_type":"article","og_title":"Nido | Cronorea","og_description":"Il filo, ed in particolare il filo intrecciato, \u00e8 un elemento che continuamente ricorre, sospeso tra mito e poesia, nei testi e nelle leggende legate al matrimonio. \u00c8 un simbolo che coniuga in s\u00e9 il concetto del vincolo tra due persone con l\u2019idea che i due amanti debbano reciprocamente proteggersi e insieme proteggere la propria [&hellip;]","og_url":"https:\/\/cronorea.it\/en\/iconica\/nido\/","og_site_name":"Cronorea","article_publisher":"https:\/\/www.facebook.com\/cronoreagioielli\/","article_modified_time":"2023-05-11T10:39:19+00:00","og_image":[{"url":"https:\/\/cronorea.arkys.agency\/wp-content\/uploads\/2023\/02\/nido-page-img-mobile2.webp","type":"","width":"","height":""}],"twitter_card":"summary_large_image","twitter_misc":{"Est. reading time":"2 minutes"},"schema":{"@context":"https:\/\/schema.org","@graph":[{"@type":"WebPage","@id":"https:\/\/cronorea.it\/iconica\/nido\/","url":"https:\/\/cronorea.it\/iconica\/nido\/","name":"Nest | Cronorea","isPartOf":{"@id":"https:\/\/cronorea.it\/#website"},"primaryImageOfPage":{"@id":"https:\/\/cronorea.it\/iconica\/nido\/#primaryimage"},"image":{"@id":"https:\/\/cronorea.it\/iconica\/nido\/#primaryimage"},"thumbnailUrl":"https:\/\/cronorea.arkys.agency\/wp-content\/uploads\/2023\/02\/nido-page-img-mobile2.webp","datePublished":"2022-05-26T13:33:37+00:00","dateModified":"2023-05-11T10:39:19+00:00","breadcrumb":{"@id":"https:\/\/cronorea.it\/iconica\/nido\/#breadcrumb"},"inLanguage":"en-US","potentialAction":[{"@type":"ReadAction","target":["https:\/\/cronorea.it\/iconica\/nido\/"]}]},{"@type":"ImageObject","inLanguage":"en-US","@id":"https:\/\/cronorea.it\/iconica\/nido\/#primaryimage","url":"https:\/\/cronorea.arkys.agency\/wp-content\/uploads\/2023\/02\/nido-page-img-mobile2.webp","contentUrl":"https:\/\/cronorea.arkys.agency\/wp-content\/uploads\/2023\/02\/nido-page-img-mobile2.webp"},{"@type":"BreadcrumbList","@id":"https:\/\/cronorea.it\/iconica\/nido\/#breadcrumb","itemListElement":[{"@type":"ListItem","position":1,"name":"Home","item":"https:\/\/cronorea.it\/"},{"@type":"ListItem","position":2,"name":"Iconica","item":"https:\/\/cronorea.it\/iconica\/"},{"@type":"ListItem","position":3,"name":"Nido"}]},{"@type":"WebSite","@id":"https:\/\/cronorea.it\/#website","url":"https:\/\/cronorea.it\/","name":"Cronorea","description":"What is running is not the time but the emotion, enclosed in moments and captured by the objects.","publisher":{"@id":"https:\/\/cronorea.it\/#organization"},"potentialAction":[{"@type":"SearchAction","target":{"@type":"EntryPoint","urlTemplate":"https:\/\/cronorea.it\/?s={search_term_string}"},"query-input":{"@type":"PropertyValueSpecification","valueRequired":true,"valueName":"search_term_string"}}],"inLanguage":"en-US"},{"@type":"Organization","@id":"https:\/\/cronorea.it\/#organization","name":"Cronorea","alternateName":"Cronorea","url":"https:\/\/cronorea.it\/","logo":{"@type":"ImageObject","inLanguage":"en-US","@id":"https:\/\/cronorea.it\/#\/schema\/logo\/image\/","url":"https:\/\/cronorea.arkys.it\/wp-content\/uploads\/2022\/01\/Logo-cronorea-ok.png","contentUrl":"https:\/\/cronorea.arkys.it\/wp-content\/uploads\/2022\/01\/Logo-cronorea-ok.png","width":290,"height":64,"caption":"Cronorea"},"image":{"@id":"https:\/\/cronorea.it\/#\/schema\/logo\/image\/"},"sameAs":["https:\/\/www.facebook.com\/cronoreagioielli\/","https:\/\/www.instagram.com\/cronorea_gioielli\/"]}]}},"_links":{"self":[{"href":"https:\/\/cronorea.it\/en\/wp-json\/wp\/v2\/pages\/7988","targetHints":{"allow":["GET"]}}],"collection":[{"href":"https:\/\/cronorea.it\/en\/wp-json\/wp\/v2\/pages"}],"about":[{"href":"https:\/\/cronorea.it\/en\/wp-json\/wp\/v2\/types\/page"}],"author":[{"embeddable":true,"href":"https:\/\/cronorea.it\/en\/wp-json\/wp\/v2\/users\/7"}],"replies":[{"embeddable":true,"href":"https:\/\/cronorea.it\/en\/wp-json\/wp\/v2\/comments?post=7988"}],"version-history":[{"count":37,"href":"https:\/\/cronorea.it\/en\/wp-json\/wp\/v2\/pages\/7988\/revisions"}],"predecessor-version":[{"id":9038,"href":"https:\/\/cronorea.it\/en\/wp-json\/wp\/v2\/pages\/7988\/revisions\/9038"}],"up":[{"embeddable":true,"href":"https:\/\/cronorea.it\/en\/wp-json\/wp\/v2\/pages\/5812"}],"wp:attachment":[{"href":"https:\/\/cronorea.it\/en\/wp-json\/wp\/v2\/media?parent=7988"}],"curies":[{"name":"wp","href":"https:\/\/api.w.org\/{rel}","templated":true}]}}